{"id":2031,"date":"2024-04-14T17:58:16","date_gmt":"2024-04-14T17:58:16","guid":{"rendered":"http:\/\/coralistas.seelechor.es\/?page_id=2031"},"modified":"2024-04-15T17:51:23","modified_gmt":"2024-04-15T17:51:23","slug":"fotografias","status":"publish","type":"page","link":"http:\/\/coralistas.seelechor.es\/?page_id=2031","title":{"rendered":"\u00c1lbumes de fotos de viajes y m\u00e1s"},"content":{"rendered":"<p>&nbsp;<\/p>\n<table style=\"border-collapse: collapse; height: 244px; width: 100%;\">\n<thead>\n<tr style=\"height: 20px;\">\n<td style=\"width: 11.247672%; height: 27px; background-color: #2560f5;\"><strong><span style=\"color: #ffffff;\">A\u00f1o<\/span><\/strong><\/td>\n<td style=\"width: 20%; height: 27px; background-color: #2560f5;\"><strong><span style=\"color: #ffffff;\">Lugar<\/span><\/strong><\/td>\n<td style=\"width: 12.92365%; height: 27px; background-color: #2560f5;\"><strong><span style=\"color: #ffffff;\">Fechas<\/span><\/strong><\/td>\n<td style=\"width: 33.96648%; height: 27px; background-color: #2560f5;\"><strong><span style=\"color: #ffffff;\">Cr\u00f3nica<\/span><\/strong><\/td>\n<td style=\"width: 21.862198%; height: 27px; background-color: #2560f5;\"><strong><span style=\"color: #ffffff;\">Album de fotos<\/span><\/strong><\/td>\n<\/tr>\n<\/thead>\n<tbody>\n<tr style=\"height: 27px;\">\n<td style=\"width: 11.247672%; height: 27px;\"><span style=\"font-family: 'comic sans ms', sans-serif;\">2024<\/span><\/td>\n<td style=\"width: 20%; height: 27px;\"><span style=\"font-family: 'comic sans ms', sans-serif;\">N\u00fcrnberg-Poppendorf<\/span><\/td>\n<td style=\"width: 12.92365%; height: 27px;\"><span style=\"font-family: 'comic sans ms', sans-serif;\">3-7 Abril 2024<\/span><\/td>\n<td style=\"width: 33.96648%; height: 27px;\"><\/td>\n<td style=\"width: 21.862198%; height: 27px;\"><span style=\"font-family: 'comic sans ms', sans-serif;\"><a href=\"http:\/\/www.seelechor.es\/fotos\/2024Nuremberg-Poppendorf\/album\/index.html\">Album<\/a><\/span><\/td>\n<\/tr>\n<tr style=\"height: 27px;\">\n<td style=\"width: 11.247672%; height: 27px;\"><span style=\"font-family: 'comic sans ms', sans-serif;\">2019<\/span><\/td>\n<td style=\"width: 20%; height: 27px;\"><span style=\"font-family: 'comic sans ms', sans-serif;\">Atienza -Sig\u00fcenza &#8211; Altillo de Due\u00f1as<\/span><\/td>\n<td style=\"width: 12.92365%; height: 27px;\"><span style=\"font-family: 'comic sans ms', sans-serif;\">Primavera 2019<\/span><\/td>\n<td style=\"width: 33.96648%; height: 27px;\"><span style=\"font-family: 'comic sans ms', sans-serif;\"><a href=\"https:\/\/www.seelechor.es\/Coro_Seele\/Coro_Seele\/Viajes\/Entries\/2019\/10\/21_Atienza_-_Siguenza_-_Campillo_de_Duenas.html\">En Espa\u00f1ol, (Helga Jost)<\/a><\/span><\/td>\n<td style=\"width: 21.862198%; height: 27px;\"><\/td>\n<\/tr>\n<tr style=\"height: 27px;\">\n<td style=\"width: 11.247672%; height: 27px;\"><span style=\"font-family: 'comic sans ms', sans-serif;\">2017<\/span><\/td>\n<td style=\"width: 20%; height: 27px;\"><span style=\"font-family: 'comic sans ms', sans-serif;\">Mallorca<\/span><\/td>\n<td style=\"width: 12.92365%; height: 27px;\"><span style=\"font-family: 'comic sans ms', sans-serif;\">Primavera 2017<\/span><\/td>\n<td style=\"width: 33.96648%; height: 27px;\"><\/td>\n<td style=\"width: 21.862198%; height: 27px;\"><span style=\"font-family: 'comic sans ms', sans-serif;\"><a href=\"https:\/\/www.seelechor.es\/fotos\/201704Mallorca\/index.html\">Album<\/a><\/span><\/td>\n<\/tr>\n<tr style=\"height: 27px;\">\n<td style=\"width: 11.247672%; height: 27px;\"><span style=\"font-family: 'comic sans ms', sans-serif;\">2016<\/span><\/td>\n<td style=\"width: 20%; height: 27px;\"><span style=\"font-family: 'comic sans ms', sans-serif;\">Toledo<\/span><\/td>\n<td style=\"width: 12.92365%; height: 27px;\"><span style=\"font-family: 'comic sans ms', sans-serif;\">Junio 2016<\/span><\/td>\n<td style=\"width: 33.96648%; height: 27px;\"><\/td>\n<td style=\"width: 21.862198%; height: 27px;\"><span style=\"font-family: 'comic sans ms', sans-serif;\"><a href=\"https:\/\/www.seelechor.es\/fotos\/201606Toledo\/index.html\">Album<\/a><\/span><\/td>\n<\/tr>\n<tr>\n<td style=\"width: 11.2477%;\"><span style=\"font-family: 'comic sans ms', sans-serif;\">2015<\/span><\/td>\n<td style=\"width: 20%;\"><span style=\"font-family: 'comic sans ms', sans-serif;\">Bayern (Starnberg-Possenhofen)<\/span><\/td>\n<td style=\"width: 12.9237%;\"><span style=\"font-family: 'comic sans ms', sans-serif;\">Primavera 2015<\/span><\/td>\n<td style=\"width: 33.9665%;\"><\/td>\n<td style=\"width: 21.8622%;\"><a href=\"http:\/\/www.seelechor.es\/fotos\/2015BayernPossenhofen\/album\/index.html\"><span style=\"font-family: 'comic sans ms', sans-serif;\">Album <\/span><\/a><\/td>\n<\/tr>\n<tr style=\"height: 27px;\">\n<td style=\"width: 11.247672%; height: 27px;\" rowspan=\"2\"><span style=\"font-family: 'comic sans ms', sans-serif;\">2014<\/span><br \/>\n<span style=\"font-family: 'comic sans ms', sans-serif;\"><br \/>\n<\/span><\/td>\n<td style=\"width: 20%; height: 27px;\"><span style=\"font-family: 'comic sans ms', sans-serif;\">Morella-Pe\u00f1\u00edscola<\/span><\/td>\n<td style=\"width: 12.92365%; height: 27px;\"><span style=\"font-family: 'comic sans ms', sans-serif;\">Primavera 2014<\/span><\/td>\n<td style=\"width: 33.96648%; height: 27px;\">\n<ul>\n<li><span style=\"font-family: 'comic sans ms', sans-serif;\"><a href=\"https:\/\/www.seelechor.es\/Coro_Seele\/Coro_Seele\/Viajes\/Entries\/2014\/5\/23_La_guarida_del_Tigre.html\">En Espa\u00f1ol<\/a><\/span><\/li>\n<li><span style=\"font-family: 'comic sans ms', sans-serif;\"><a href=\"https:\/\/www.seelechor.es\/Seele_Chor\/Reisen\/Entries\/2014\/6\/9_Der_Bau_des_Tigers.html\">Auf Deutsch<\/a><\/span><\/li>\n<\/ul>\n<p><span style=\"font-family: 'comic sans ms', sans-serif;\">(Javier Delgado)<\/span><\/td>\n<td style=\"width: 21.862198%; height: 27px;\"><span style=\"font-family: 'comic sans ms', sans-serif;\"><a href=\"https:\/\/www.seelechor.es\/fotos\/2014Morella-Peniscola\/index.html\">Album<\/a><\/span><\/td>\n<\/tr>\n<tr>\n<td style=\"width: 20%;\"><span style=\"font-family: 'comic sans ms', sans-serif;\">Despedida Wolfgang<\/span><\/td>\n<td style=\"width: 12.9237%;\"><span style=\"font-family: 'comic sans ms', sans-serif;\">Verano 2014<\/span><\/td>\n<td style=\"width: 33.9665%;\"><span style=\"font-family: 'comic sans ms', sans-serif;\">\u00a0<\/span><\/td>\n<td style=\"width: 21.8622%;\"><a href=\"https:\/\/www.seelechor.es\/fotos\/\/Fotos%20Wolfgangs%20Abschiedsfeier\/index.html\"><span style=\"font-family: 'comic sans ms', sans-serif;\">Album<\/span><\/a><\/td>\n<\/tr>\n<tr style=\"height: 27px;\">\n<td style=\"width: 11.247672%; height: 27px;\"><span style=\"font-family: 'comic sans ms', sans-serif;\">2013<\/span><\/td>\n<td style=\"width: 20%; height: 27px;\"><span style=\"font-family: 'comic sans ms', sans-serif;\">La Rioja<\/span><\/td>\n<td style=\"width: 12.92365%; height: 27px;\"><span style=\"font-family: 'comic sans ms', sans-serif;\">Primavera 2013<\/span><\/td>\n<td style=\"width: 33.96648%; height: 27px;\">\n<ul>\n<li><a href=\"https:\/\/www.seelechor.es\/Coro_Seele\/Coro_Seele\/Viajes\/Entries\/2014\/1\/15_En_la_cuna_del_Castellano(La_Rioja,_Abril_2013).html\"><span style=\"font-family: 'comic sans ms', sans-serif;\">En espa\u00f1ol<\/span><\/a><\/li>\n<li><a href=\"https:\/\/www.seelechor.es\/Seele_Chor\/Reisen\/Entries\/2014\/4\/29_An_der_Wiege_des_Spanischen.html\"><span style=\"font-family: 'comic sans ms', sans-serif;\">Auf Deutsch<\/span><\/a><\/li>\n<\/ul>\n<p><span style=\"font-family: 'comic sans ms', sans-serif;\">(Isabel Ana)<\/span><\/td>\n<td style=\"width: 21.862198%; height: 27px;\"><span style=\"font-family: 'comic sans ms', sans-serif;\">Album<\/span><\/td>\n<\/tr>\n<tr style=\"height: 28px;\">\n<td style=\"width: 11.247672%; height: 28px;\"><span style=\"font-family: 'comic sans ms', sans-serif;\">2011<\/span><\/td>\n<td style=\"width: 20%; height: 28px;\"><span style=\"font-family: 'comic sans ms', sans-serif;\">Granada y C\u00f3rdoba<\/span><\/td>\n<td style=\"width: 12.92365%; height: 28px;\"><span style=\"font-family: 'comic sans ms', sans-serif;\">\u00a0<\/span><\/td>\n<td style=\"width: 33.96648%; height: 28px;\">\n<ul>\n<li><span style=\"font-family: 'comic sans ms', sans-serif;\">\u00a0<a href=\"https:\/\/www.seelechor.es\/Coro_Seele\/Coro_Seele\/Viajes\/Entries\/2012\/10\/16_Donde_Oriente_y_Occidentese_encuentran.html\">En espa\u00f1ol<\/a><\/span><\/li>\n<li><a href=\"https:\/\/www.seelechor.es\/Seele_Chor\/Reisen\/Entries\/2012\/9\/26_Wo_Orient_und_Okzident_sich_begegnen.html\"><span style=\"font-family: 'comic sans ms', sans-serif;\">Auf Deutsch<\/span><\/a><\/li>\n<\/ul>\n<p><span style=\"font-family: 'comic sans ms', sans-serif;\">(Wolfgang Ismaier)<\/span><\/td>\n<td style=\"width: 21.862198%; height: 28px;\"><span style=\"font-family: 'comic sans ms', sans-serif;\">\u00a0<\/span><\/td>\n<\/tr>\n<tr style=\"height: 27px;\">\n<td style=\"width: 11.247672%; height: 27px;\"><span style=\"font-family: 'comic sans ms', sans-serif;\">2012<\/span><\/td>\n<td style=\"width: 20%; height: 27px;\"><span style=\"font-family: 'comic sans ms', sans-serif;\">San Miguel de Lliria<\/span><\/td>\n<td style=\"width: 12.92365%; height: 27px;\"><span style=\"font-family: 'comic sans ms', sans-serif;\">Marzo 2012<\/span><\/td>\n<td style=\"width: 33.96648%; height: 27px;\"><span style=\"font-family: 'comic sans ms', sans-serif;\">El grillo e buon cantore, (W. Ismaier)<\/span><\/p>\n<ul>\n<li><a href=\"https:\/\/www.seelechor.es\/Coro_Seele\/Coro_Seele\/Viajes\/Entries\/2012\/10\/17_El_grillo_e_buon_cantore.html\"><span style=\"font-family: 'comic sans ms', sans-serif;\">En Espa\u00f1ol<\/span><\/a><\/li>\n<li><a href=\"https:\/\/www.seelechor.es\/Seele_Chor\/Reisen\/Entries\/2012\/9\/15_El_Grillo_e_buon_Cantore.html\"><span style=\"font-family: 'comic sans ms', sans-serif;\">Auf Deutsch<\/span><\/a><\/li>\n<\/ul>\n<\/td>\n<td style=\"width: 21.862198%; height: 27px;\"><\/td>\n<\/tr>\n<\/tbody>\n<\/table>\n<p>&nbsp;<\/p>\n<p><span style=\"color: #ff0000; font-size: 18pt;\"><em><strong>2024<\/strong><\/em><\/span><\/p>\n<p><span style=\"font-size: 18pt; color: #ff0000;\"><em><strong>2019<\/strong><\/em><\/span><\/p>\n<p><a href=\"https:\/\/www.seelechor.es\/Coro_Seele\/Coro_Seele\/Viajes\/Entries\/2019\/10\/21_Atienza_-_Siguenza_-_Campillo_de_Duenas.html\">Atienza &#8211; Sig\u00fcenza &#8211; Altillo de Due\u00f1as<\/a><\/p>\n<p>&nbsp;<\/p>\n<p><span style=\"color: #ff0000; font-size: 18pt;\"><em><strong>2017<\/strong><\/em><\/span><\/p>\n<p><a href=\"https:\/\/www.seelechor.es\/fotos\/201704Mallorca\/index.html\">Mallorca<\/a><\/p>\n<p><span style=\"color: #ff0000;\"><em><strong><span style=\"font-size: 18pt;\">2016<\/span><\/strong><\/em><\/span><\/p>\n<p><a href=\"https:\/\/www.seelechor.es\/fotos\/201606Toledo\/index.html\">Toledo<\/a><\/p>\n<p><span style=\"color: #ff0000; font-size: 18pt;\"><em><strong>2014<\/strong><\/em><\/span><\/p>\n<p><a href=\"https:\/\/www.seelechor.es\/Seele_Chor\/Reisen\/Entries\/2014\/6\/9_Der_Bau_des_Tigers.html\">Morella &#8211; Pe\u00f1\u00edscola: Cr\u00f3nica del viaje de Javier Delgado<\/a><\/p>\n<p><a href=\"https:\/\/www.seelechor.es\/fotos\/2014Morella-Peniscola\/index.html\">Morella &#8211; Pen\u00edscola<\/a><\/p>\n<p><span style=\"font-size: 18pt; color: #ff0000;\"><em><strong>2013<\/strong><\/em><\/span><\/p>\n<p><a href=\"https:\/\/www.seelechor.es\/Seele_Chor\/Reisen\/Entries\/2014\/4\/29_An_der_Wiege_des_Spanischen.html\">La Rioja: Cr\u00f3nica de Isabel-Ana<\/a><\/p>\n<p><a href=\"https:\/\/www.seelechor.es\/Seele_Chor\/Reisen\/Entries\/2012\/9\/26_Wo_Orient_und_Okzident_sich_begegnen.html\">Granada y C\u00f3rdoba: Cr\u00f3nica de Wolfgang Ismaier<\/a><\/p>\n<p><span style=\"color: #ff0000;\"><em><strong><span style=\"font-size: 18pt;\">2012<\/span><\/strong><\/em><\/span><\/p>\n<p><a href=\"https:\/\/www.seelechor.es\/Seele_Chor\/Reisen\/Entries\/2012\/9\/15_El_Grillo_e_buon_Cantore.html\">San Miguel de Lliria<\/a><\/p>\n","protected":false},"excerpt":{"rendered":"<p>&nbsp; A\u00f1o Lugar Fechas Cr\u00f3nica Album de fotos 2024 N\u00fcrnberg-Poppendorf 3-7 Abril 2024 Album 2019 Atienza -Sig\u00fcenza &#8211; Altillo de Due\u00f1as Primavera 2019 En Espa\u00f1ol, (Helga Jost) 2017 Mallorca Primavera 2017 Album 2016 Toledo Junio 2016 Album 2015 Bayern (Starnberg-Possenhofen) Primavera 2015 Album 2014 Morella-Pe\u00f1\u00edscola Primavera 2014 En Espa\u00f1ol Auf Deutsch (Javier Delgado) Album Despedida &hellip; <a href=\"http:\/\/coralistas.seelechor.es\/?page_id=2031\" class=\"more-link\">Continuar leyendo<span class=\"screen-reader-text\"> \u00ab\u00c1lbumes de fotos de viajes y m\u00e1s\u00bb<\/span><\/a><\/p>\n","protected":false},"author":2,"featured_media":0,"parent":0,"menu_order":0,"comment_status":"closed","ping_status":"closed","template":"","meta":{"footnotes":""},"_links":{"self":[{"href":"http:\/\/coralistas.seelechor.es\/index.php?rest_route=\/wp\/v2\/pages\/2031"}],"collection":[{"href":"http:\/\/coralistas.seelechor.es\/index.php?rest_route=\/wp\/v2\/pages"}],"about":[{"href":"http:\/\/coralistas.seelechor.es\/index.php?rest_route=\/wp\/v2\/types\/page"}],"author":[{"embeddable":true,"href":"http:\/\/coralistas.seelechor.es\/index.php?rest_route=\/wp\/v2\/users\/2"}],"replies":[{"embeddable":true,"href":"http:\/\/coralistas.seelechor.es\/index.php?rest_route=%2Fwp%2Fv2%2Fcomments&post=2031"}],"version-history":[{"count":10,"href":"http:\/\/coralistas.seelechor.es\/index.php?rest_route=\/wp\/v2\/pages\/2031\/revisions"}],"predecessor-version":[{"id":2068,"href":"http:\/\/coralistas.seelechor.es\/index.php?rest_route=\/wp\/v2\/pages\/2031\/revisions\/2068"}],"wp:attachment":[{"href":"http:\/\/coralistas.seelechor.es\/index.php?rest_route=%2Fwp%2Fv2%2Fmedia&parent=2031"}],"curies":[{"name":"wp","href":"https:\/\/api.w.org\/{rel}","templated":true}]}}